{"id":11761,"date":"2026-03-30T10:36:34","date_gmt":"2026-03-30T08:36:34","guid":{"rendered":"https:\/\/golfingreendestination.com\/golf-trips\/international-destinations\/cruises\/"},"modified":"2026-04-29T20:02:09","modified_gmt":"2026-04-29T18:02:09","slug":"cruises","status":"publish","type":"page","link":"https:\/\/golfingreendestination.com\/en\/golf-trips\/international-destinations\/cruises\/","title":{"rendered":"Cruises"},"content":{"rendered":"\n<div class=\"wp-block-group alignfull has-global-padding is-layout-constrained wp-block-group-is-layout-constrained\" style=\"margin-top:0;margin-bottom:0;padding-top:0;padding-bottom:0\">\n<header class=\"wp-block-cover alignfull imagen-movimiento\" style=\"margin-bottom:0;padding-top:var(--wp--preset--spacing--80);padding-bottom:var(--wp--preset--spacing--80);min-height:600px;aspect-ratio:unset;\"><img decoding=\"async\" class=\"wp-block-cover__image-background wp-image-9603 size-full\" alt=\"\" src=\"https:\/\/golfingreendestination.com\/wp-content\/uploads\/2026\/01\/crucero-fluvial-coblenza.webp\" data-object-fit=\"cover\"\/><span aria-hidden=\"true\" class=\"wp-block-cover__background has-contrast-background-color has-background-dim-40 has-background-dim\"><\/span><div class=\"wp-block-cover__inner-container has-global-padding is-layout-constrained wp-container-core-cover-is-layout-83e28c38 wp-block-cover-is-layout-constrained\">\n<h1 class=\"wp-block-heading has-text-align-center has-xx-large-font-size\" style=\"margin-right:0;margin-left:0;padding-right:0;padding-left:0\">Cruises<\/h1>\n\n\n\n<h2 class=\"wp-block-heading has-text-align-center has-medium-font-size\">CRUISES WITH GOLF<\/h2>\n<\/div><\/header>\n<\/div>\n\n<div class=\"wp-block-group alignfull has-accent-1-background-color has-background is-content-justification-center is-nowrap is-layout-flex wp-container-core-group-is-layout-92d141c7 wp-block-group-is-layout-flex\" style=\"border-bottom-style:none;border-bottom-width:0px;margin-top:-10px;margin-bottom:-10px;padding-top:var(--wp--preset--spacing--30);padding-right:var(--wp--preset--spacing--30);padding-bottom:var(--wp--preset--spacing--30);padding-left:var(--wp--preset--spacing--30)\"><nav style=\"--separator: &quot;\/&quot;;\" class=\"wp-block-breadcrumbs\" aria-label=\"Breadcrumbs\"><ol><li><a href=\"https:\/\/golfingreendestination.com\/en\/\">Home<\/a><\/li><li><a href=\"https:\/\/golfingreendestination.com\/en\/\">Golf trips<\/a><\/li><li><a href=\"https:\/\/golfingreendestination.com\/en\/golf-trips\/international-destinations\/\">International Destinations<\/a><\/li><li><span aria-current=\"page\">Cruises<\/span><\/li><\/ol><\/nav><\/div>\n\n<div class=\"wp-block-group alignfull has-global-padding is-layout-constrained wp-container-core-group-is-layout-e62a8063 wp-block-group-is-layout-constrained\" style=\"margin-top:0;margin-bottom:0;padding-top:var(--wp--preset--spacing--80);padding-bottom:var(--wp--preset--spacing--80)\">\n<h2 class=\"wp-block-heading alignwide has-accent-2-color has-text-color has-link-color has-large-font-size wp-elements-757cb48c2220ad8868aacb7e404c70f4\"><strong>Choose your cruise:<\/strong><br\/>The rest is done.<\/h2>\n\n\n\n<div class=\"wp-block-columns alignwide is-layout-flex wp-container-core-columns-is-layout-794e3cfa wp-block-columns-is-layout-flex\">\n<div class=\"wp-block-column is-layout-flow wp-block-column-is-layout-flow\">\n<h2 class=\"wp-block-heading has-accent-3-color has-text-color has-link-color has-x-large-font-size wp-elements-b9ea9e54ce97b20de91a70bc3f569828\">Rhine River Cruise<\/h2>\n\n\n\n<figure class=\"wp-block-image size-full\" style=\"margin-bottom:24px\"><img decoding=\"async\" src=\"https:\/\/golfingreendestination.com\/wp-content\/uploads\/2026\/01\/strasburgo-crucero-fluvial.webp\" alt=\"\" class=\"wp-image-9610\" style=\"aspect-ratio:1;object-fit:cover\"\/><\/figure>\n\n\n\n<div class=\"wp-block-stackable-heading stk-block-heading stk-block-heading--v2 stk-block stk-2907b76\" id=\"strong-6-13-junio-strong-2026\" data-block-id=\"2907b76\"><style>.stk-2907b76 {margin-bottom:0px !important;}.stk-2907b76 .stk-block-heading__text{font-size:var(--stk--preset--font-size--large, 1.2rem) !important;color:#197143 !important;}@media screen and (max-width: 1023px){.stk-2907b76 .stk-block-heading__text{font-size:var(--stk--preset--font-size--large, 1.2rem) !important;}}<\/style><h2 class=\"stk-block-heading__text has-text-color has-text-align-center\"><strong>June<\/strong> 6-13, 2026<\/h2><\/div>\n\n\n\n<p class=\"has-small-font-size wp-block-paragraph\">Embark on a unique experience aboard the elegant MS Crucevita, sailing along the majestic Rhine River while enjoying an <strong>exclusive combination of golf and wine tourism<\/strong>. This dream cruise will take you through charming <strong>villages and vineyard landscapes in Germany&#8217;s most iconic wine regions<\/strong>. <\/p>\n\n\n\n<div class=\"wp-block-buttons is-layout-flex wp-block-buttons-is-layout-flex\">\n<div style=\"--wp--block-button--width: 100;\" class=\"wp-block-button is-style-outline has-custom-width wp-block-button__width wp-block-button__width-100 is-style-outline--1\"><a class=\"wp-block-button__link has-contrast-color has-base-background-color has-text-color has-background has-link-color has-text-align-center has-small-font-size has-custom-font-size wp-element-button\" href=\"&lt;!--[CDATA[https:\/\/golfingreendestination.com\/viajes-de-golf\/destinos-golf\/crucero-fluvial-rin-mosela\/]]--&gt;\" style=\"text-transform:none\">Details of the Rhine and Moselle River Cruise<\/a><\/div>\n<\/div>\n<\/div>\n\n\n\n<div class=\"wp-block-column is-layout-flow wp-block-column-is-layout-flow\">\n<h2 class=\"wp-block-heading has-accent-3-color has-text-color has-link-color has-x-large-font-size wp-elements-0bf79b3fbe0f6d6c1dcbf52f41bc96b7\">Mediterranean<\/h2>\n\n\n\n<figure class=\"wp-block-image size-full\" style=\"margin-bottom:24px\"><img loading=\"lazy\" decoding=\"async\" width=\"1500\" height=\"1000\" src=\"https:\/\/golfingreendestination.com\/wp-content\/uploads\/2026\/03\/GENOVA.webp\" alt=\"\" class=\"wp-image-10888\" style=\"aspect-ratio:1;object-fit:cover\" srcset=\"https:\/\/golfingreendestination.com\/wp-content\/uploads\/2026\/03\/GENOVA.webp 1500w, https:\/\/golfingreendestination.com\/wp-content\/uploads\/2026\/03\/GENOVA-800x533.webp 800w, https:\/\/golfingreendestination.com\/wp-content\/uploads\/2026\/03\/GENOVA-768x512.webp 768w\" sizes=\"auto, (max-width: 1500px) 100vw, 1500px\" \/><\/figure>\n\n\n\n<div class=\"wp-block-stackable-heading stk-block-heading stk-block-heading--v2 stk-block stk-246ea3b\" id=\"proximamente\" data-block-id=\"246ea3b\"><style>.stk-246ea3b {margin-bottom:0px !important;}.stk-246ea3b .stk-block-heading__text{font-size:var(--stk--preset--font-size--large, 1.2rem) !important;color:#197143 !important;}@media screen and (max-width: 1023px){.stk-246ea3b .stk-block-heading__text{font-size:var(--stk--preset--font-size--large, 1.2rem) !important;}}<\/style><h2 class=\"stk-block-heading__text has-text-color has-text-align-center\">COMING SOON<\/h2><\/div>\n\n\n\n<p class=\"has-small-font-size wp-block-paragraph\">Embark on a unique experience where golf and the sea come together for an unforgettable journey. Set sail from Barcelona and visit the cities of Cagliari, Naples, Rome, Genoa, and Marseille. Discover the most exclusive courses in Naples, Rome, and Marseille, combining your passion for golf with the beauty of the Mediterranean&#8217;s most iconic cities.  <\/p>\n<\/div>\n\n\n\n<div class=\"wp-block-column is-layout-flow wp-block-column-is-layout-flow\">\n<h2 class=\"wp-block-heading has-accent-3-color has-text-color has-link-color has-x-large-font-size wp-elements-3d9f951fd976207df3580106b8e1465b\">MSC Emirates Tournament<\/h2>\n\n\n\n<figure class=\"wp-block-image size-full\" style=\"margin-bottom:24px\"><img loading=\"lazy\" decoding=\"async\" width=\"1500\" height=\"1000\" src=\"https:\/\/golfingreendestination.com\/wp-content\/uploads\/2026\/03\/crucero-emiratos-cubierta.webp\" alt=\"\" class=\"wp-image-10887\" style=\"aspect-ratio:1;object-fit:cover\" srcset=\"https:\/\/golfingreendestination.com\/wp-content\/uploads\/2026\/03\/crucero-emiratos-cubierta.webp 1500w, https:\/\/golfingreendestination.com\/wp-content\/uploads\/2026\/03\/crucero-emiratos-cubierta-800x533.webp 800w, https:\/\/golfingreendestination.com\/wp-content\/uploads\/2026\/03\/crucero-emiratos-cubierta-768x512.webp 768w\" sizes=\"auto, (max-width: 1500px) 100vw, 1500px\" \/><\/figure>\n\n\n\n<div class=\"wp-block-stackable-heading stk-block-heading stk-block-heading--v2 stk-block stk-f7b0af4\" id=\"proximamente\" data-block-id=\"f7b0af4\"><style>.stk-f7b0af4 {margin-bottom:0px !important;}.stk-f7b0af4 .stk-block-heading__text{font-size:var(--stk--preset--font-size--large, 1.2rem) !important;color:#197143 !important;}@media screen and (max-width: 1023px){.stk-f7b0af4 .stk-block-heading__text{font-size:var(--stk--preset--font-size--large, 1.2rem) !important;}}<\/style><h2 class=\"stk-block-heading__text has-text-color has-text-align-center\">COMING SOON<\/h2><\/div>\n\n\n\n<p class=\"has-small-font-size wp-block-paragraph\">Embark on a luxurious cruise through the UAE with MSC. Enjoy exclusive golf courses as you sail past captivating destinations. From Qatar, visit the Royal Golf Club of Bahrain, then sail to Abu Dhabi to play on its spectacular course. Relax on the private island of Sir Bani Yas before taking on the challenge of the Jumeirah Course in Dubai.    <\/p>\n<\/div>\n<\/div>\n<\/div>\n\n<aside class=\"wp-block-group alignfull is-style-section-3 has-base-background-color has-background has-global-padding is-layout-constrained wp-container-core-group-is-layout-19e026ee wp-block-group-is-layout-constrained is-style-section-3--2\" style=\"min-height:0px;margin-top:0;margin-bottom:0;padding-top:0;padding-right:var(--wp--preset--spacing--50);padding-bottom:0;padding-left:var(--wp--preset--spacing--50)\">\n<div class=\"wp-block-cover alignfull is-light has-parallax\" style=\"min-height:600px;aspect-ratio:unset;\"><div class=\"wp-block-cover__image-background wp-image-9209 size-full has-parallax\" style=\"background-position:50% 50%;background-image:url(https:\/\/golfingreendestination.com\/wp-content\/uploads\/2026\/01\/basozabal-golf.webp)\"><\/div><span aria-hidden=\"true\" class=\"wp-block-cover__background has-accent-3-background-color has-background-dim-10 has-background-dim\"><\/span><div class=\"wp-block-cover__inner-container has-global-padding is-layout-constrained wp-block-cover-is-layout-constrained\">\n<div class=\"wp-block-group is-vertical is-content-justification-center is-layout-flex wp-container-core-group-is-layout-65db5ff9 wp-block-group-is-layout-flex\" style=\"min-height:360px;margin-top:0;margin-bottom:0\">\n<h2 class=\"wp-block-heading has-text-align-center has-base-color has-text-color has-link-color has-xx-large-font-size wp-elements-646676d8945098376c4f2df631feec20\">If you can&#8217;t find your trip<\/h2>\n\n\n\n<p class=\"has-text-align-center is-style-text-subtitle has-base-color has-text-color has-link-color wp-elements-be53a107339408637ee3a0264a03b30b is-style-text-subtitle--3 wp-block-paragraph\">We&#8217;ll organize one tailored to your needs.<\/p>\n\n\n\n<div style=\"height:0px\" aria-hidden=\"true\" class=\"wp-block-spacer wp-container-content-62aae154\"><\/div>\n\n\n\n<div class=\"wp-block-buttons is-layout-flex wp-block-buttons-is-layout-flex\">\n<div class=\"wp-block-button is-style-outline is-style-outline--4\"><a class=\"wp-block-button__link has-contrast-color has-base-background-color has-text-color has-background has-link-color has-text-align-left has-small-font-size has-custom-font-size wp-element-button\" href=\"https:\/\/golfingreendestination.com\/en\/golf-trips\/contact\/\" style=\"border-style:none;border-width:0px;text-transform:none\">Contact us<\/a><\/div>\n<\/div>\n<\/div>\n<\/div><\/div>\n<\/aside>\n\n<div class=\"wp-block-group alignfull has-global-padding is-layout-constrained wp-container-core-group-is-layout-8323dbd3 wp-block-group-is-layout-constrained\" style=\"margin-top:0;margin-bottom:0;padding-top:var(--wp--preset--spacing--70);padding-bottom:var(--wp--preset--spacing--70)\">\n<div class=\"wp-block-columns alignwide is-layout-flex wp-container-core-columns-is-layout-e15afb30 wp-block-columns-is-layout-flex\">\n<div class=\"wp-block-column is-vertically-aligned-center is-layout-flow wp-block-column-is-layout-flow\" style=\"padding-right:var(--wp--preset--spacing--20);padding-left:var(--wp--preset--spacing--20)\">\n<h2 class=\"wp-block-heading has-xx-large-font-size\" style=\"margin-left:var(--wp--preset--spacing--50)\">Subscribe to learn about new trips<\/h2>\n\n\n\n<ul style=\"margin-top:44px;margin-right:var(--wp--preset--spacing--50);margin-bottom:-60px;margin-left:var(--wp--preset--spacing--50);padding-bottom:var(--wp--preset--spacing--40);padding-left:var(--wp--preset--spacing--30)\" class=\"wp-block-list is-style-checkmark-list\">\n<li class=\"has-medium-font-size\" style=\"margin-left:0\">Travel dates<\/li>\n\n\n\n<li class=\"has-medium-font-size\">New destinations<\/li>\n\n\n\n<li class=\"has-medium-font-size\">Inspiration for your travels<\/li>\n<\/ul>\n\n\n\n<!-- Begin Brevo Form -->\r\n<!-- START - We recommend to place the below code in head tag of your website html  -->\r\n<style>\r\n  @font-face {\r\n    font-display: block;\r\n    font-family: Roboto;\r\n    src: url(https:\/\/assets.brevo.com\/font\/Roboto\/Latin\/normal\/normal\/7529907e9eaf8ebb5220c5f9850e3811.woff2) format(\"woff2\"), url(https:\/\/assets.brevo.com\/font\/Roboto\/Latin\/normal\/normal\/25c678feafdc175a70922a116c9be3e7.woff) format(\"woff\")\r\n  }\r\n\r\n  @font-face {\r\n    font-display: fallback;\r\n    font-family: Roboto;\r\n    font-weight: 600;\r\n    src: url(https:\/\/assets.brevo.com\/font\/Roboto\/Latin\/medium\/normal\/6e9caeeafb1f3491be3e32744bc30440.woff2) format(\"woff2\"), url(https:\/\/assets.brevo.com\/font\/Roboto\/Latin\/medium\/normal\/71501f0d8d5aa95960f6475d5487d4c2.woff) format(\"woff\")\r\n  }\r\n\r\n  @font-face {\r\n    font-display: fallback;\r\n    font-family: Roboto;\r\n    font-weight: 700;\r\n    src: url(https:\/\/assets.brevo.com\/font\/Roboto\/Latin\/bold\/normal\/3ef7cf158f310cf752d5ad08cd0e7e60.woff2) format(\"woff2\"), url(https:\/\/assets.brevo.com\/font\/Roboto\/Latin\/bold\/normal\/ece3a1d82f18b60bcce0211725c476aa.woff) format(\"woff\")\r\n  }\r\n\r\n  #sib-container input:-ms-input-placeholder {\r\n    text-align: left;\r\n    font-family: Helvetica, sans-serif;\r\n    color: #c0ccda;\r\n  }\r\n\r\n  #sib-container input::placeholder {\r\n    text-align: left;\r\n    font-family: Helvetica, sans-serif;\r\n    color: #c0ccda;\r\n  }\r\n\r\n  #sib-container textarea::placeholder {\r\n    text-align: left;\r\n    font-family: Helvetica, sans-serif;\r\n    color: #c0ccda;\r\n  }\r\n\r\n  #sib-container a {\r\n    text-decoration: underline;\r\n    color: #2BB2FC;\r\n  }\r\n<\/style>\r\n<link rel=\"stylesheet\" href=\"https:\/\/sibforms.com\/forms\/end-form\/build\/sib-styles.css\"\/>\r\n<!--  END - We recommend to place the above code in head tag of your website html -->\r\n\r\n<!-- START - We recommend to place the below code where you want the form in your website html  -->\r\n<div class=\"sib-form\" style=\"text-align: center;\r\n         background-color: transparent;                                 \">\r\n  <div id=\"sib-form-container\" class=\"sib-form-container\">\r\n    <div id=\"error-message\" class=\"sib-form-message-panel\" style=\"font-size:16px; text-align:left; font-family:Helvetica, sans-serif; color:#661d1d; background-color:#ffeded; border-radius:3px; border-color:#ff4949;max-width:540px;\">\r\n      <div class=\"sib-form-message-panel__text sib-form-message-panel__text--center\">\r\n        <svg viewbox=\"0 0 512 512\" class=\"sib-icon sib-notification__icon\">\r\n          <path d=\"M256 40c118.621 0 216 96.075 216 216 0 119.291-96.61 216-216 216-119.244 0-216-96.562-216-216 0-119.203 96.602-216 216-216m0-32C119.043 8 8 119.083 8 256c0 136.997 111.043 248 248 248s248-111.003 248-248C504 119.083 392.957 8 256 8zm-11.49 120h22.979c6.823 0 12.274 5.682 11.99 12.5l-7 168c-.268 6.428-5.556 11.5-11.99 11.5h-8.979c-6.433 0-11.722-5.073-11.99-11.5l-7-168c-.283-6.818 5.167-12.5 11.99-12.5zM256 340c-15.464 0-28 12.536-28 28s12.536 28 28 28 28-12.536 28-28-12.536-28-28-28z\"><\/path>\r\n        <\/svg>\r\n        <span class=\"sib-form-message-panel__inner-text\">\r\n                          No hemos podido validar su suscripci\u00f3n.\r\n                      <\/span>\r\n      <\/div>\r\n    <\/div>\r\n    <div><\/div>\r\n    <div id=\"success-message\" class=\"sib-form-message-panel\" style=\"font-size:16px; text-align:left; font-family:Helvetica, sans-serif; color:#085229; background-color:#e7faf0; border-radius:3px; border-color:#13ce66;max-width:540px;\">\r\n      <div class=\"sib-form-message-panel__text sib-form-message-panel__text--center\">\r\n        <svg viewbox=\"0 0 512 512\" class=\"sib-icon sib-notification__icon\">\r\n          <path d=\"M256 8C119.033 8 8 119.033 8 256s111.033 248 248 248 248-111.033 248-248S392.967 8 256 8zm0 464c-118.664 0-216-96.055-216-216 0-118.663 96.055-216 216-216 118.664 0 216 96.055 216 216 0 118.663-96.055 216-216 216zm141.63-274.961L217.15 376.071c-4.705 4.667-12.303 4.637-16.97-.068l-85.878-86.572c-4.667-4.705-4.637-12.303.068-16.97l8.52-8.451c4.705-4.667 12.303-4.637 16.97.068l68.976 69.533 163.441-162.13c4.705-4.667 12.303-4.637 16.97.068l8.451 8.52c4.668 4.705 4.637 12.303-.068 16.97z\"><\/path>\r\n        <\/svg>\r\n        <span class=\"sib-form-message-panel__inner-text\">\r\n                          \u00a1Gracias!. Se ha realizado su suscripci\u00f3n.\r\n                      <\/span>\r\n      <\/div>\r\n    <\/div>\r\n    <div><\/div>\r\n    <div id=\"sib-container\" class=\"sib-container--large sib-container--vertical\" style=\"text-align:center; background-color:transparent; max-width:540px; border-radius:3px; border-width:0px; border-color:#000000; border-style:solid; direction:ltr\">\r\n      <form id=\"sib-form\" method=\"POST\" action=\"https:\/\/162dd51f.sibforms.com\/serve\/MUIFAEJWRfEvG-HhHqGIZe09MJItPzRITZgaZMYBr0v7L4UgzQdrEwWsAOtLKLtm2QZF_BuIO1-gf6gBL8lIwcENSFBu0SbeCx3G1xd-VplGKivMahcl2Dt_BycQfjKbDUmzwDLhF-qOYyPGF36uydiXwOULMu3c2dRKSrbl54KXjc67a2scCsbU4akQnzbNYJHwGXVIwy6xiGU7\" data-type=\"subscription\">\r\n        <div style=\"padding: 8px 0;\">\r\n          <div class=\"sib-input sib-form-block\">\r\n            <div class=\"form__entry entry_block\">\r\n              <div class=\"form__label-row \">\r\n\r\n                <div class=\"entry__field\">\r\n                  <input class=\"input \" type=\"text\" id=\"EMAIL\" name=\"EMAIL\" autocomplete=\"off\" placeholder=\"EMAIL\" data-required=\"true\" required=\"\"\/>\r\n                <\/div>\r\n              <\/div>\r\n\r\n              <label class=\"entry__error entry__error--primary\" style=\"font-size:16px; text-align:left; font-family:Helvetica, sans-serif; color:#661d1d; background-color:#ffeded; border-radius:3px; border-color:#ff4949;\">\r\n              <\/label>\r\n            <\/div>\r\n          <\/div>\r\n        <\/div>\r\n        <div style=\"padding: 8px 0;\">\r\n          <div class=\"sib-optin sib-form-block\" data-required=\"true\">\r\n            <div class=\"form__entry entry_mcq\">\r\n              <div class=\"form__label-row \">\r\n                <div class=\"entry__choice\" style=\"\">\r\n                  <label>\r\n                    <input type=\"checkbox\" class=\"input_replaced\" value=\"1\" id=\"OPT_IN\" name=\"OPT_IN\" required=\"\"\/>\r\n                    <span class=\"checkbox checkbox_tick_positive\" style=\"margin-left:\"><\/span><span style=\"font-size:14px; text-align:left; font-family:Helvetica, sans-serif; color:#3C4858; background-color:transparent;\"><p>Acepto las <a href=\"https:\/\/www.golfingreendestination.com\/politica-privacidad\/\" target=\"_blank\">condiciones de suscripci\u00f3n<\/a> para recibir tus newsletters.<\/p><span data-required=\"*\" style=\"display: inline;\" class=\"entry__label entry__label_optin\"><\/span><\/span> <\/label>\r\n                <\/div>\r\n              <\/div>\r\n              <label class=\"entry__error entry__error--primary\" style=\"font-size:16px; text-align:left; font-family:Helvetica, sans-serif; color:#661d1d; background-color:#ffeded; border-radius:3px; border-color:#ff4949;\">\r\n              <\/label>\r\n              <label class=\"entry__specification\" style=\"font-size:12px; text-align:left; font-family:Helvetica, sans-serif; color:#8390A4; text-align:left\">\r\n                Puedes cancelar tu suscripci\u00f3n cuando quieras mediante el enlace de nuestra newsletter.\r\n              <\/label>\r\n            <\/div>\r\n          <\/div>\r\n        <\/div>\r\n        <div style=\"padding: 8px 0;\">\r\n          <div class=\"sib-form-block\" style=\"text-align: left\">\r\n            <button class=\"sib-form-block__button sib-form-block__button-with-loader\" style=\"font-size:16px; text-align:left; font-weight:700; font-family:Helvetica, sans-serif; color:#FFFFFF; background-color:#1a7142; border-radius:20px; border-width:0px;\" form=\"sib-form\" type=\"submit\">\r\n              <svg class=\"icon clickable__icon progress-indicator__icon sib-hide-loader-icon\" viewbox=\"0 0 512 512\" style=\"\">\r\n                <path d=\"M460.116 373.846l-20.823-12.022c-5.541-3.199-7.54-10.159-4.663-15.874 30.137-59.886 28.343-131.652-5.386-189.946-33.641-58.394-94.896-95.833-161.827-99.676C261.028 55.961 256 50.751 256 44.352V20.309c0-6.904 5.808-12.337 12.703-11.982 83.556 4.306 160.163 50.864 202.11 123.677 42.063 72.696 44.079 162.316 6.031 236.832-3.14 6.148-10.75 8.461-16.728 5.01z\"><\/path>\r\n              <\/svg>\r\n              Suscribirse\r\n            <\/button>\r\n          <\/div>\r\n        <\/div>\r\n\r\n        <input type=\"text\" name=\"email_address_check\" value=\"\" class=\"input--hidden\"\/>\r\n        <input type=\"hidden\" name=\"locale\" value=\"es\"\/>\r\n      <\/form>\r\n    <\/div>\r\n  <\/div>\r\n<\/div>\r\n<!-- END - We recommend to place the above code where you want the form in your website html  -->\r\n\r\n<!-- START - We recommend to place the below code in footer or bottom of your website html  -->\r\n<script>\r\n  window.REQUIRED_CODE_ERROR_MESSAGE = 'Elija un c\u00f3digo de pa\u00eds';\r\n  window.LOCALE = 'es';\r\n  window.EMAIL_INVALID_MESSAGE = window.SMS_INVALID_MESSAGE = \"La informaci\u00f3n que ha proporcionado no es v\u00e1lida. Compruebe el formato del campo e int\u00e9ntelo de nuevo.\";\r\n\r\n  window.REQUIRED_ERROR_MESSAGE = \"Este campo no puede quedarse vac\u00edo. \";\r\n\r\n  window.GENERIC_INVALID_MESSAGE = \"La informaci\u00f3n que ha proporcionado no es v\u00e1lida. Compruebe el formato del campo e int\u00e9ntelo de nuevo.\";\r\n\r\n\r\n\r\n\r\n  window.translation = {\r\n    common: {\r\n      selectedList: '{quantity} lista seleccionada',\r\n      selectedLists: '{quantity} listas seleccionadas',\r\n      selectedOption: '{quantity} seleccionado',\r\n      selectedOptions: '{quantity} seleccionados',\r\n    }\r\n  };\r\n\r\n  var AUTOHIDE = Boolean(0);\r\n<\/script>\r\n\r\n<script defer=\"defer\" src=\"https:\/\/sibforms.com\/forms\/end-form\/build\/main.js\"><\/script>\r\n\r\n\r\n<!-- END - We recommend to place the above code in footer or bottom of your website html  -->\r\n<!-- End Brevo Form -->\r\n<\/div>\n\n\n\n<div class=\"wp-block-column is-vertically-aligned-center is-layout-flow wp-block-column-is-layout-flow\">\n<figure class=\"wp-block-image aligncenter size-full is-resized\"><img decoding=\"async\" src=\"https:\/\/golfingreendestination.com\/wp-content\/uploads\/2025\/12\/cropped-logo-golf-in-green-destination.png\" alt=\"\" class=\"wp-image-8062\" style=\"aspect-ratio:1.5782604044078314;width:262px;height:auto\"\/><\/figure>\n<\/div>\n<\/div>\n<\/div>\n","protected":false},"excerpt":{"rendered":"<p>Choose your cruise:The rest is done. Rhine River Cruise June 6-13, 2026 Embark on a unique experience aboard the elegant MS Crucevita, sailing along the majestic Rhine River while enjoying an exclusive combination of golf and wine tourism. This dream cruise will take you through charming villages and vineyard landscapes in Germany&#8217;s most iconic wine [&hellip;]<\/p>\n","protected":false},"author":2,"featured_media":0,"parent":11438,"menu_order":0,"comment_status":"closed","ping_status":"closed","template":"","meta":{"_crdt_document":"","footnotes":""},"class_list":["post-11761","page","type-page","status-publish","hentry"],"_links":{"self":[{"href":"https:\/\/golfingreendestination.com\/en\/wp-json\/wp\/v2\/pages\/11761","targetHints":{"allow":["GET"]}}],"collection":[{"href":"https:\/\/golfingreendestination.com\/en\/wp-json\/wp\/v2\/pages"}],"about":[{"href":"https:\/\/golfingreendestination.com\/en\/wp-json\/wp\/v2\/types\/page"}],"author":[{"embeddable":true,"href":"https:\/\/golfingreendestination.com\/en\/wp-json\/wp\/v2\/users\/2"}],"replies":[{"embeddable":true,"href":"https:\/\/golfingreendestination.com\/en\/wp-json\/wp\/v2\/comments?post=11761"}],"version-history":[{"count":2,"href":"https:\/\/golfingreendestination.com\/en\/wp-json\/wp\/v2\/pages\/11761\/revisions"}],"predecessor-version":[{"id":11765,"href":"https:\/\/golfingreendestination.com\/en\/wp-json\/wp\/v2\/pages\/11761\/revisions\/11765"}],"up":[{"embeddable":true,"href":"https:\/\/golfingreendestination.com\/en\/wp-json\/wp\/v2\/pages\/11438"}],"wp:attachment":[{"href":"https:\/\/golfingreendestination.com\/en\/wp-json\/wp\/v2\/media?parent=11761"}],"curies":[{"name":"wp","href":"https:\/\/api.w.org\/{rel}","templated":true}]}}