{"id":7510,"date":"2025-06-18T17:48:01","date_gmt":"2025-06-18T15:48:01","guid":{"rendered":"https:\/\/golfingreendestination.com\/?page_id=7510"},"modified":"2026-04-10T10:32:22","modified_gmt":"2026-04-10T08:32:22","slug":"vinos-de-jerez-golf","status":"publish","type":"page","link":"https:\/\/golfingreendestination.com\/en\/viajes-de-golf\/golf-y-vino\/vinos-de-jerez-golf\/","title":{"rendered":"Denominaci\u00f3n de Origen Jerez-X\u00e9r\u00e8s-Sherry y golf"},"content":{"rendered":"\n<div class=\"wp-block-cover alignfull\" style=\"min-height:100vh;aspect-ratio:unset;\"><img decoding=\"async\" class=\"wp-block-cover__image-background wp-image-7511 size-full\" alt=\"\" src=\"https:\/\/golfingreendestination.com\/wp-content\/uploads\/2025\/06\/barbadillo.jpeg\" data-object-fit=\"cover\"\/><span aria-hidden=\"true\" class=\"wp-block-cover__background has-negro-background-color has-background-dim-10 has-background-dim\"><\/span><div class=\"wp-block-cover__inner-container has-global-padding is-layout-constrained wp-block-cover-is-layout-constrained\">\n<div class=\"wp-block-group has-blanco-color has-text-color has-background has-link-color wp-elements-093e29805e8a55d71608b08a8cdb2b5e has-global-padding is-layout-constrained wp-container-core-group-is-layout-c9a371c5 wp-block-group-is-layout-constrained\" style=\"background-color:#08080859;padding-top:var(--wp--preset--spacing--30);padding-right:var(--wp--preset--spacing--30);padding-bottom:var(--wp--preset--spacing--30);padding-left:var(--wp--preset--spacing--30)\">\n<h2 class=\"wp-block-heading has-text-align-center\">Denominaci\u00f3n de Origen Jerez-X\u00e9r\u00e8s-Sherry<\/h2>\n\n\n\n<div class=\"wp-block-group has-global-padding is-layout-constrained wp-block-group-is-layout-constrained\">\n<p class=\"has-text-align-center wp-block-paragraph\">La Denominaci\u00f3n de Origen Jerez-X\u00e9r\u00e8s-Sherry es una de las m\u00e1s antiguas y prestigiosas de Espa\u00f1a, situada en el tri\u00e1ngulo formado por Jerez de la Frontera, El Puerto de Santa Mar\u00eda y Sanl\u00facar de Barrameda, en la provincia de C\u00e1diz. Esta zona goza de un clima c\u00e1lido y soleado, con influencia atl\u00e1ntica y suelos de albariza ricos en caliza, ideales para el cultivo de la vid. El sistema de crianza tradicional de estos vinos es el de criaderas y soleras, que permite mezclas entre a\u00f1adas para mantener una calidad constante. La D.O. est\u00e1 regulada desde 1933 y protege el uso exclusivo de los t\u00e9rminos \u201cJerez\u201d, \u201cX\u00e9r\u00e8s\u201d y \u201cSherry\u201d para los vinos elaborados en esta regi\u00f3n siguiendo sus m\u00e9todos tradicionales.<\/p>\n\n\n\n<p class=\"has-text-align-center wp-block-paragraph\">Los vinos amparados por esta denominaci\u00f3n se elaboran principalmente con la uva Palomino, aunque tambi\u00e9n se emplean Pedro Xim\u00e9nez y Moscatel para tipos m\u00e1s dulces. Entre las variedades m\u00e1s conocidas destacan el Fino, ligero y seco, el Amontillado, con notas m\u00e1s oxidativas y complejas, y el Oloroso, m\u00e1s estructurado y con cuerpo. Tambi\u00e9n hay vinos dulces naturales como el Pedro Xim\u00e9nez y el Moscatel, que ofrecen gran intensidad arom\u00e1tica. Estos vinos, \u00fanicos por su proceso biol\u00f3gico bajo velo de flor o por su crianza oxidativa, son ideales tanto para aperitivos como para maridajes gastron\u00f3micos m\u00e1s elaborados.<\/p>\n\n\n\n<p class=\"has-text-align-center wp-block-paragraph\"><\/p>\n<\/div>\n<\/div>\n<\/div><\/div>\n\n\n\n<p class=\"wp-block-paragraph\"><\/p>\n\n\n\n<p class=\"wp-block-paragraph\"><\/p>\n\n\n\n<div class=\"wp-block-group alignwide has-global-padding is-layout-constrained wp-block-group-is-layout-constrained\" style=\"padding-top:var(--wp--preset--spacing--60);padding-bottom:var(--wp--preset--spacing--60)\">\n<h2 class=\"wp-block-heading has-text-align-center\">Cavas tradicionales de la D.O.<\/h2>\n\n\n\n<p class=\"wp-block-paragraph\">Las bodegas de la Denominaci\u00f3n de Origen Jerez-X\u00e9r\u00e8s-Sherry son aut\u00e9nticos templos del vino que combinan historia, arquitectura y tradici\u00f3n enol\u00f3gica. Situadas principalmente en Jerez de la Frontera, El Puerto de Santa Mar\u00eda y Sanl\u00facar de Barrameda, estas bodegas destacan por su imponente estructura, conocidas como \u201ccatedrales del vino\u201d, dise\u00f1adas para favorecer la crianza bajo velo de flor y el envejecimiento en soleras. En ellas se produce una gama \u00fanica de vinos generosos, elaborados con t\u00e9cnicas ancestrales que han sido perfeccionadas a lo largo de los siglos. Visitar estas bodegas permite conocer de cerca el arte del encabezado, la importancia del clima y la albariza, y sumergirse en un universo sensorial donde tradici\u00f3n y cultura se entrelazan.<\/p>\n\n\n\n<p class=\"wp-block-paragraph\"><\/p>\n\n\n\n<p class=\"wp-block-paragraph\"><\/p>\n<\/div>\n\n\n\n<div class=\"wp-block-group alignwide has-global-padding is-layout-constrained wp-block-group-is-layout-constrained\" style=\"padding-top:var(--wp--preset--spacing--60);padding-bottom:var(--wp--preset--spacing--60)\">\n<p class=\"wp-block-paragraph\"><\/p>\n\n\n\n<div class=\"wp-block-columns alignwide is-layout-flex wp-container-core-columns-is-layout-7788c425 wp-block-columns-is-layout-flex\" style=\"padding-right:0;padding-left:0\">\n<div class=\"wp-block-column is-layout-flow wp-block-column-is-layout-flow\" style=\"padding-right:var(--wp--preset--spacing--20);padding-left:var(--wp--preset--spacing--20)\">\n<figure class=\"wp-block-image size-full\"><img decoding=\"async\" src=\"https:\/\/golfingreendestination.com\/wp-content\/uploads\/2025\/06\/2.-Home_2_Modulo-nuestras-bodegas_Tio-Pepe-1.png\" alt=\"\" class=\"wp-image-7513\" style=\"aspect-ratio:4\/3;object-fit:cover\"\/><\/figure>\n\n\n\n<h3 class=\"wp-block-heading has-m-l-font-size\">Gonz\u00e1lez Byass<\/h3>\n\n\n\n<p class=\"wp-block-paragraph\">En Jerez de la frontera. Mundialmente reconocida por su vino T\u00edo Pepe, ofrece visitas muy completas, jardines hist\u00f3ricos y una arquitectura impresionante.<\/p>\n<\/div>\n\n\n\n<div class=\"wp-block-column is-layout-flow wp-block-column-is-layout-flow\" style=\"padding-right:var(--wp--preset--spacing--20);padding-left:var(--wp--preset--spacing--20)\">\n<figure class=\"wp-block-image size-full\"><img decoding=\"async\" src=\"https:\/\/golfingreendestination.com\/wp-content\/uploads\/2025\/06\/tradicion.jpg\" alt=\"\" class=\"wp-image-7515\" style=\"aspect-ratio:4\/3;object-fit:cover\"\/><\/figure>\n\n\n\n<h3 class=\"wp-block-heading has-m-l-font-size\">Bodegas Tradici\u00f3n<\/h3>\n\n\n\n<p class=\"wp-block-paragraph\">En Jerez de la frontera. Especializada en vinos de muy larga crianza y con una valiosa colecci\u00f3n de arte espa\u00f1ol.<\/p>\n<\/div>\n\n\n\n<div class=\"wp-block-column is-layout-flow wp-block-column-is-layout-flow\" style=\"padding-right:var(--wp--preset--spacing--20);padding-left:var(--wp--preset--spacing--20)\">\n<figure class=\"wp-block-image size-full\"><img decoding=\"async\" src=\"https:\/\/golfingreendestination.com\/wp-content\/uploads\/2025\/06\/lustau.jpeg\" alt=\"\" class=\"wp-image-7517\" style=\"aspect-ratio:4\/3;object-fit:cover\"\/><\/figure>\n\n\n\n<h3 class=\"wp-block-heading has-m-l-font-size\">Bodegas Lustau<\/h3>\n\n\n\n<p class=\"wp-block-paragraph\">Reconocida por su amplia gama de vinos y por ser una de las m\u00e1s premiadas internacionalmente.Se encuentra tambi\u00e9n en Jerez de la Frontera.<\/p>\n<\/div>\n\n\n\n<div class=\"wp-block-column is-layout-flow wp-block-column-is-layout-flow\" style=\"padding-right:var(--wp--preset--spacing--20);padding-left:var(--wp--preset--spacing--20)\">\n<figure class=\"wp-block-image size-full\"><img decoding=\"async\" src=\"https:\/\/golfingreendestination.com\/wp-content\/uploads\/2025\/06\/lagitana.jpg\" alt=\"\" class=\"wp-image-7519\" style=\"aspect-ratio:4\/3;object-fit:cover\"\/><\/figure>\n\n\n\n<h3 class=\"wp-block-heading has-m-l-font-size\">Bodegas Hidalgo-La gitana<\/h3>\n\n\n\n<p class=\"wp-block-paragraph\">Situada en Sanl\u00facar de Barrameda, estas bodegas son cuna de una de las manzanillas m\u00e1s emblem\u00e1ticas y con una ubicaci\u00f3n privilegiada junto al Atl\u00e1ntico.<\/p>\n\n\n\n<p class=\"wp-block-paragraph\"><\/p>\n<\/div>\n\n\n\n<div class=\"wp-block-column is-layout-flow wp-block-column-is-layout-flow\" style=\"padding-right:var(--wp--preset--spacing--20);padding-left:var(--wp--preset--spacing--20)\">\n<figure class=\"wp-block-image size-full\"><img decoding=\"async\" src=\"https:\/\/golfingreendestination.com\/wp-content\/uploads\/2025\/06\/Bodegas-Osborne.jpg\" alt=\"\" class=\"wp-image-7521\" style=\"aspect-ratio:4\/3;object-fit:cover\"\/><\/figure>\n\n\n\n<h3 class=\"wp-block-heading has-m-l-font-size\">Bodegas Osborne<\/h3>\n\n\n\n<p class=\"wp-block-paragraph\">Una de las m\u00e1s antiguas de Espa\u00f1a, combina tradici\u00f3n vin\u00edcola con historia del dise\u00f1o gracias a su ic\u00f3nico toro negro. Ubicada en el Puerto de Santa Mar\u00eda<\/p>\n<\/div>\n\n\n\n<div class=\"wp-block-column is-layout-flow wp-block-column-is-layout-flow\" style=\"padding-right:var(--wp--preset--spacing--20);padding-left:var(--wp--preset--spacing--20)\">\n<figure class=\"wp-block-image size-full\"><img decoding=\"async\" src=\"https:\/\/golfingreendestination.com\/wp-content\/uploads\/2025\/06\/la-bodega-catedral-es.jpg\" alt=\"\" class=\"wp-image-7523\" style=\"aspect-ratio:4\/3;object-fit:cover\"\/><\/figure>\n\n\n\n<h3 class=\"wp-block-heading has-m-l-font-size\">Antonio Barbadillo<\/h3>\n\n\n\n<p class=\"wp-block-paragraph\">En Sanlucar de Barrameda. Esta bodega es un gran referente en manzanillas, con un interesante museo del vino y vistas al estuario del Guadalquivir.<\/p>\n<\/div>\n<\/div>\n<\/div>\n\n\n\n<div class=\"wp-block-group alignwide has-global-padding is-layout-constrained wp-block-group-is-layout-constrained\" style=\"margin-top:var(--wp--preset--spacing--80);margin-bottom:var(--wp--preset--spacing--80)\">\n<h2 class=\"wp-block-heading has-text-align-center has-verde-color has-text-color has-link-color wp-elements-58b878cb9bccf621169c303f3460dc1f\">Experiencias no jugadores<\/h2>\n\n\n\n<div class=\"wp-block-columns alignwide is-layout-flex wp-container-core-columns-is-layout-794e3cfa wp-block-columns-is-layout-flex\">\n<div class=\"wp-block-column is-layout-flow wp-block-column-is-layout-flow\" style=\"padding-top:0;padding-right:var(--wp--preset--spacing--40);padding-bottom:0;padding-left:var(--wp--preset--spacing--40)\">\n<figure class=\"wp-block-image size-full\"><img decoding=\"async\" src=\"https:\/\/golfingreendestination.com\/wp-content\/uploads\/2025\/06\/alcazar-jerez.jpg\" alt=\"\" class=\"wp-image-7525\" style=\"aspect-ratio:4\/3;object-fit:cover\"\/><\/figure>\n\n\n\n<h5 class=\"wp-block-heading\" style=\"margin-top:var(--wp--preset--spacing--40);margin-bottom:var(--wp--preset--spacing--40)\">Visita guiada Jerez de la frontera<\/h5>\n\n\n\n<p class=\"wp-block-paragraph\">Descubre los secretos del vino de Jerez con una visita guiada por sus emblem\u00e1ticas bodegas, paseando entre soleras centenarias y degustando los matices \u00fanicos de sus vinos generosos en el coraz\u00f3n de Jerez de la Frontera.<\/p>\n<\/div>\n\n\n\n<div class=\"wp-block-column is-layout-flow wp-block-column-is-layout-flow\" style=\"padding-top:0;padding-right:var(--wp--preset--spacing--40);padding-bottom:0;padding-left:var(--wp--preset--spacing--40)\">\n<figure class=\"wp-block-image size-full\"><img decoding=\"async\" src=\"https:\/\/golfingreendestination.com\/wp-content\/uploads\/2025\/06\/ruta_pueblos_blancos_cadiz.jpg\" alt=\"\" class=\"wp-image-7527\" style=\"aspect-ratio:4\/3;object-fit:cover\"\/><\/figure>\n\n\n\n<h5 class=\"wp-block-heading\" style=\"margin-top:var(--wp--preset--spacing--40);margin-bottom:var(--wp--preset--spacing--40)\">Ruta de los pueblos blancos en C\u00e1diz<\/h5>\n\n\n\n<p class=\"wp-block-paragraph\">Emb\u00e1rcate en un viaje inolvidable por los Pueblos Blancos de C\u00e1diz, donde callejuelas encaladas, miradores serranos y tradiciones andaluzas te envuelven en un paisaje de belleza aut\u00e9ntica y encanto rural.<br><br><br><br><br><br><br><br><br><br><br><\/p>\n<\/div>\n\n\n\n<div class=\"wp-block-column is-layout-flow wp-block-column-is-layout-flow\" style=\"padding-top:0;padding-right:var(--wp--preset--spacing--40);padding-bottom:0;padding-left:var(--wp--preset--spacing--40)\">\n<figure class=\"wp-block-image size-full\"><img decoding=\"async\" src=\"https:\/\/golfingreendestination.com\/wp-content\/uploads\/2025\/06\/flamencos-donana.jpg\" alt=\"\" class=\"wp-image-7529\" style=\"aspect-ratio:4\/3;object-fit:cover\"\/><\/figure>\n\n\n\n<h5 class=\"wp-block-heading\" style=\"margin-top:var(--wp--preset--spacing--40);margin-bottom:var(--wp--preset--spacing--40)\">Visita al parque de Do\u00f1ana<\/h5>\n\n\n\n<p class=\"wp-block-paragraph\">Ad\u00e9ntrate en el Parque Nacional de Do\u00f1ana y descubre un para\u00edso natural \u00fanico, donde marismas, dunas y bosques albergan una asombrosa diversidad de fauna y flora en plena armon\u00eda.<\/p>\n<\/div>\n<\/div>\n<\/div>\n\n\n\n<div class=\"wp-block-group alignfull has-fondo-1-background-color has-background has-global-padding is-layout-constrained wp-block-group-is-layout-constrained\" style=\"padding-top:var(--wp--preset--spacing--70);padding-bottom:var(--wp--preset--spacing--70)\">\n<h2 class=\"wp-block-heading has-text-align-center has-verde-color has-text-color has-link-color wp-elements-65fddca3e0faed76f206a39aa92a6837\">Campos de Golf de C\u00e1diz<\/h2>\n\n\n\n<p class=\"wp-block-paragraph\">La provincia de C\u00e1diz ofrece excelentes opciones para los amantes del golf, especialmente en la zona del Marco de Jerez, donde se combinan deporte, vino y naturaleza. En <strong>Jerez de la Frontera<\/strong>, destaca el <strong>Sherry Golf Jerez<\/strong>, en <strong>Sanl\u00facar de Barrameda<\/strong>, el <strong>Campo de Golf Costa Ballena Ocean Golf Club<\/strong>  o en <strong>El Puerto de Santa Mar\u00eda<\/strong>, el <strong>Vista Hermosa Club de Golf<\/strong> son algunos de los campos de los que puedes disfrutar en esta zona. Estos tres campos permiten disfrutar del golf durante los meses m\u00e1s templados del a\u00f1o, con un clima privilegiado y la posibilidad de combinar deporte con visitas a bodegas, playas y pueblos con encanto.<\/p>\n\n\n\n<div class=\"wp-block-group alignwide has-global-padding is-layout-constrained wp-block-group-is-layout-constrained\">\n<div class=\"wp-block-columns alignwide is-layout-flex wp-container-core-columns-is-layout-794e3cfa wp-block-columns-is-layout-flex\">\n<div class=\"wp-block-column is-layout-flow wp-block-column-is-layout-flow\">\n<div class=\"wp-block-cover has-custom-content-position is-position-bottom-left\"><img decoding=\"async\" class=\"wp-block-cover__image-background wp-image-7531 size-full\" alt=\"\" src=\"https:\/\/golfingreendestination.com\/wp-content\/uploads\/2025\/06\/Sherry-Golf-Jerez-hoyo-13.jpg\" data-object-fit=\"cover\"\/><span aria-hidden=\"true\" class=\"wp-block-cover__background has-negro-background-color has-background-dim-20 has-background-dim\"><\/span><div class=\"wp-block-cover__inner-container has-global-padding is-layout-constrained wp-block-cover-is-layout-constrained\">\n<h3 class=\"wp-block-heading has-blanco-color has-text-color has-link-color has-large-font-size wp-elements-16f22e1669570dfabc73ea6725310815\">Sherry Golf Jerez<\/h3>\n<\/div><\/div>\n\n\n\n<div class=\"wp-block-group has-global-padding is-layout-constrained wp-container-core-group-is-layout-c9a371c5 wp-block-group-is-layout-constrained\" style=\"padding-top:var(--wp--preset--spacing--30);padding-right:var(--wp--preset--spacing--30);padding-bottom:var(--wp--preset--spacing--30);padding-left:var(--wp--preset--spacing--30)\">\n<p class=\"wp-block-paragraph\">Un campo de 18 hoyos rodeado de vi\u00f1edos y dise\u00f1ado para todos los niveles, con amplios fairways y vistas al casco hist\u00f3rico. Este campo, sede habitual de torneos nacionales e internacionales, permite disfrutar de una experiencia de golf muy completa, complementada con la oferta gastron\u00f3mica y cultural de la ciudad. complementada con la oferta gastron\u00f3mica y cultural de la ciudad.<\/p>\n\n\n\n<p class=\"wp-block-paragraph\"><\/p>\n<\/div>\n<\/div>\n\n\n\n<div class=\"wp-block-column is-layout-flow wp-block-column-is-layout-flow\">\n<div class=\"wp-block-cover has-custom-content-position is-position-bottom-left\"><img decoding=\"async\" class=\"wp-block-cover__image-background wp-image-7482 size-full\" alt=\"\" src=\"https:\/\/golfingreendestination.com\/wp-content\/uploads\/2025\/06\/estela-golf.jpg\" data-object-fit=\"cover\"\/><span aria-hidden=\"true\" class=\"wp-block-cover__background has-negro-background-color has-background-dim-20 has-background-dim\"><\/span><div class=\"wp-block-cover__inner-container has-global-padding is-layout-constrained wp-block-cover-is-layout-constrained\">\n<h3 class=\"wp-block-heading has-blanco-color has-text-color has-link-color has-large-font-size wp-elements-df634ea0df9405e46f53a53b24cca320\">Costa Ballena Ocean golf club<\/h3>\n<\/div><\/div>\n\n\n\n<div class=\"wp-block-group has-global-padding is-layout-constrained wp-container-core-group-is-layout-c9a371c5 wp-block-group-is-layout-constrained\" style=\"padding-top:var(--wp--preset--spacing--30);padding-right:var(--wp--preset--spacing--30);padding-bottom:var(--wp--preset--spacing--30);padding-left:var(--wp--preset--spacing--30)\">\n<p class=\"wp-block-paragraph\">En <strong>Sanl\u00facar de Barrameda<\/strong>, el <strong>Campo de Golf Costa Ballena Ocean Golf Club<\/strong> se sit\u00faa junto al mar, ofreciendo 27 hoyos dise\u00f1ados por Jos\u00e9 Mar\u00eda Olaz\u00e1bal, ideales para quienes buscan combinar t\u00e9cnica y belleza paisaj\u00edstica.<\/p>\n\n\n\n<p class=\"wp-block-paragraph\"><\/p>\n\n\n\n<p class=\"wp-block-paragraph\"><\/p>\n<\/div>\n<\/div>\n\n\n\n<div class=\"wp-block-column is-layout-flow wp-block-column-is-layout-flow\">\n<div class=\"wp-block-cover has-custom-content-position is-position-bottom-left\"><img decoding=\"async\" class=\"wp-block-cover__image-background wp-image-7533 size-full\" alt=\"\" src=\"https:\/\/golfingreendestination.com\/wp-content\/uploads\/2025\/06\/vistahermosa.jpeg\" data-object-fit=\"cover\"\/><span aria-hidden=\"true\" class=\"wp-block-cover__background has-negro-background-color has-background-dim-20 has-background-dim\"><\/span><div class=\"wp-block-cover__inner-container has-global-padding is-layout-constrained wp-block-cover-is-layout-constrained\">\n<h3 class=\"wp-block-heading has-large-font-size\">Vistahermosa Club de Golf<\/h3>\n<\/div><\/div>\n\n\n\n<div class=\"wp-block-group has-global-padding is-layout-constrained wp-container-core-group-is-layout-c9a371c5 wp-block-group-is-layout-constrained\" style=\"padding-top:var(--wp--preset--spacing--30);padding-right:var(--wp--preset--spacing--30);padding-bottom:var(--wp--preset--spacing--30);padding-left:var(--wp--preset--spacing--30)\">\n<p class=\"wp-block-paragraph\">Ubicado en el Puerto de Santamar\u00eda, ofrece un entorno exclusivo con un campo de 9 hoyos muy bien mantenido, perfecto para una jornada relajada y familiar. <\/p>\n\n\n\n<p class=\"wp-block-paragraph\"><\/p>\n<\/div>\n<\/div>\n<\/div>\n<\/div>\n<\/div>\n\n\n\n<p class=\"wp-block-paragraph\"><\/p>\n\n\n\n<div class=\"wp-block-group alignwide has-global-padding is-layout-constrained wp-block-group-is-layout-constrained\" style=\"padding-top:var(--wp--preset--spacing--60);padding-bottom:var(--wp--preset--spacing--60)\">\n<p class=\"has-text-align-center has-m-l-font-size wp-block-paragraph\"><\/p>\n\n\n\n<div class=\"wp-block-cover is-light has-negro-color has-text-color\" style=\"min-height:367px;aspect-ratio:unset;\"><span aria-hidden=\"true\" class=\"wp-block-cover__background has-blanco-background-color has-background-dim-60 has-background-dim\"><\/span><img decoding=\"async\" class=\"wp-block-cover__image-background wp-image-1404\" alt=\"\" src=\"https:\/\/golfingreendestination.com\/wp-content\/uploads\/2023\/09\/pexels-photo-8251157.webp\" style=\"object-position:56% 77%\" data-object-fit=\"cover\" data-object-position=\"56% 77%\"\/><div class=\"wp-block-cover__inner-container has-global-padding is-layout-constrained wp-block-cover-is-layout-constrained\">\n<div class=\"wp-block-group alignwide has-global-padding is-layout-constrained wp-block-group-is-layout-constrained\">\n<h2 class=\"wp-block-heading has-text-align-center has-large-font-size\" style=\"margin-top:0;margin-right:0;margin-bottom:0;margin-left:0\">Design your trip<\/h2>\n\n\n\n<p class=\"has-text-align-center wp-block-paragraph\">You know better than anyone what you expect from him. We are here to help you.<\/p>\n\n\n\n<div class=\"wp-block-buttons is-content-justification-center is-layout-flex wp-container-core-buttons-is-layout-35f06ea7 wp-block-buttons-is-layout-flex\">\n<div class=\"wp-block-button\"><a class=\"wp-block-button__link wp-element-button\" href=\"https:\/\/golfingreendestination.com\/en\/design-your-trip\/\">LEARN MORE<\/a><\/div>\n<\/div>\n<\/div>\n<\/div><\/div>\n<\/div>\n\n\n\n<div class=\"wp-block-group alignfull has-fondo-2-background-color has-background has-global-padding is-layout-constrained wp-block-group-is-layout-constrained\">\n<h2 class=\"wp-block-heading has-text-align-center\"><\/h2>\n<\/div>\n","protected":false},"excerpt":{"rendered":"<p>Cavas tradicionales de la D.O. Las bodegas de la Denominaci\u00f3n de Origen Jerez-X\u00e9r\u00e8s-Sherry son aut\u00e9nticos templos del vino que combinan historia, arquitectura y tradici\u00f3n enol\u00f3gica. Situadas principalmente en Jerez de la Frontera, El Puerto de Santa Mar\u00eda y Sanl\u00facar de Barrameda, estas bodegas destacan por su imponente estructura, conocidas como \u201ccatedrales del vino\u201d, dise\u00f1adas para [&hellip;]<\/p>\n","protected":false},"author":2,"featured_media":0,"parent":7314,"menu_order":0,"comment_status":"closed","ping_status":"closed","template":"","meta":{"_crdt_document":"","footnotes":""},"class_list":["post-7510","page","type-page","status-publish","hentry"],"_links":{"self":[{"href":"https:\/\/golfingreendestination.com\/en\/wp-json\/wp\/v2\/pages\/7510","targetHints":{"allow":["GET"]}}],"collection":[{"href":"https:\/\/golfingreendestination.com\/en\/wp-json\/wp\/v2\/pages"}],"about":[{"href":"https:\/\/golfingreendestination.com\/en\/wp-json\/wp\/v2\/types\/page"}],"author":[{"embeddable":true,"href":"https:\/\/golfingreendestination.com\/en\/wp-json\/wp\/v2\/users\/2"}],"replies":[{"embeddable":true,"href":"https:\/\/golfingreendestination.com\/en\/wp-json\/wp\/v2\/comments?post=7510"}],"version-history":[{"count":5,"href":"https:\/\/golfingreendestination.com\/en\/wp-json\/wp\/v2\/pages\/7510\/revisions"}],"predecessor-version":[{"id":8053,"href":"https:\/\/golfingreendestination.com\/en\/wp-json\/wp\/v2\/pages\/7510\/revisions\/8053"}],"up":[{"embeddable":true,"href":"https:\/\/golfingreendestination.com\/en\/wp-json\/wp\/v2\/pages\/7314"}],"wp:attachment":[{"href":"https:\/\/golfingreendestination.com\/en\/wp-json\/wp\/v2\/media?parent=7510"}],"curies":[{"name":"wp","href":"https:\/\/api.w.org\/{rel}","templated":true}]}}